{"id":10,"date":"2026-01-30T19:25:38","date_gmt":"2026-01-30T19:25:38","guid":{"rendered":"https:\/\/www.clubinformatiquegennois.fr\/?page_id=10"},"modified":"2026-01-30T23:27:42","modified_gmt":"2026-01-30T22:27:42","slug":"lassociation","status":"publish","type":"page","link":"https:\/\/www.clubinformatiquegennois.fr\/index.php\/lassociation\/","title":{"rendered":"L\u2019association"},"content":{"rendered":"\n<h3 class=\"wp-block-heading has-theme-palette-1-color has-text-color has-link-color wp-elements-d7bd8ca8fcfed10ed01295543db4ac5b\">Qui sommes-nous ?<\/h3>\n\n\n\n<p>Le Club Informatique Gennois est une association locale dont la mission est de rendre l\u2019informatique accessible \u00e0 tous.<\/p>\n\n\n\n<p>\u00c0 une \u00e9poque o\u00f9 le num\u00e9rique est pr\u00e9sent partout dans la vie quotidienne, nous souhaitons permettre \u00e0 chacun de comprendre, utiliser et ma\u00eetriser les outils informatiques, sans stress et \u00e0 son rythme.<\/p>\n\n\n\n<p>Nos ateliers s\u2019adressent \u00e0 tous les publics, du d\u00e9butant complet \u00e0 la personne souhaitant se perfectionner. Nous privil\u00e9gions une approche p\u00e9dagogique bas\u00e9e sur l\u2019\u00e9coute, la patience et l\u2019entraide.<\/p>\n\n\n\n<p>Le club est avant tout un lieu d\u2019\u00e9change et de convivialit\u00e9, o\u00f9 chacun peut poser ses questions, partager ses exp\u00e9riences et progresser dans un cadre bienveillant.<\/p>\n\n\n\n<h3 class=\"wp-block-heading has-theme-palette-1-color has-text-color has-link-color wp-elements-459464da7d556a932d0523bc1c5ac056\">Notre esprit<\/h3>\n\n\n\n<ul class=\"wp-block-list\">\n<li>Bienveillance et p\u00e9dagogie<\/li>\n\n\n\n<li>Apprentissage \u00e0 son rythme<\/li>\n\n\n\n<li>Entraide et partage<\/li>\n\n\n\n<li>Aucune pression, aucune comp\u00e9tition<\/li>\n<\/ul>\n\n\n\n<p>Nos s\u00e9ances sont avant tout des moments d\u2019\u00e9change et de d\u00e9couverte.<\/p>\n\n\n\n<p><\/p>\n","protected":false},"excerpt":{"rendered":"<p>Qui sommes-nous ? Le Club Informatique Gennois est une association locale dont la mission est de rendre l\u2019informatique accessible \u00e0 tous. \u00c0 une \u00e9poque o\u00f9 le num\u00e9rique est pr\u00e9sent partout&#8230;<\/p>\n","protected":false},"author":1,"featured_media":0,"parent":0,"menu_order":0,"comment_status":"closed","ping_status":"closed","template":"","meta":{"_kad_post_transparent":"","_kad_post_title":"hide","_kad_post_layout":"","_kad_post_sidebar_id":"","_kad_post_content_style":"","_kad_post_vertical_padding":"","_kad_post_feature":"","_kad_post_feature_position":"","_kad_post_header":false,"_kad_post_footer":false,"_kad_post_classname":"","footnotes":""},"class_list":["post-10","page","type-page","status-publish","hentry"],"_links":{"self":[{"href":"https:\/\/www.clubinformatiquegennois.fr\/index.php\/wp-json\/wp\/v2\/pages\/10","targetHints":{"allow":["GET"]}}],"collection":[{"href":"https:\/\/www.clubinformatiquegennois.fr\/index.php\/wp-json\/wp\/v2\/pages"}],"about":[{"href":"https:\/\/www.clubinformatiquegennois.fr\/index.php\/wp-json\/wp\/v2\/types\/page"}],"author":[{"embeddable":true,"href":"https:\/\/www.clubinformatiquegennois.fr\/index.php\/wp-json\/wp\/v2\/users\/1"}],"replies":[{"embeddable":true,"href":"https:\/\/www.clubinformatiquegennois.fr\/index.php\/wp-json\/wp\/v2\/comments?post=10"}],"version-history":[{"count":6,"href":"https:\/\/www.clubinformatiquegennois.fr\/index.php\/wp-json\/wp\/v2\/pages\/10\/revisions"}],"predecessor-version":[{"id":92,"href":"https:\/\/www.clubinformatiquegennois.fr\/index.php\/wp-json\/wp\/v2\/pages\/10\/revisions\/92"}],"wp:attachment":[{"href":"https:\/\/www.clubinformatiquegennois.fr\/index.php\/wp-json\/wp\/v2\/media?parent=10"}],"curies":[{"name":"wp","href":"https:\/\/api.w.org\/{rel}","templated":true}]}}