{"id":12,"date":"2026-01-30T19:25:54","date_gmt":"2026-01-30T19:25:54","guid":{"rendered":"https:\/\/www.clubinformatiquegennois.fr\/?page_id=12"},"modified":"2026-01-31T15:56:29","modified_gmt":"2026-01-31T14:56:29","slug":"cours-ateliers","status":"publish","type":"page","link":"https:\/\/www.clubinformatiquegennois.fr\/index.php\/cours-ateliers\/","title":{"rendered":"Cours &amp; ateliers"},"content":{"rendered":"\n<h3 class=\"wp-block-heading has-theme-palette-1-color has-text-color has-link-color wp-elements-3a2702ba1fb7f7dbc9764778581d2f3b\">Nos activit\u00e9s<\/h3>\n\n\n\n<p>Nous proposons des cours et ateliers adapt\u00e9s \u00e0 tous les niveaux :<\/p>\n\n\n\n<div class=\"wp-block-group\"><div class=\"wp-block-group__inner-container is-layout-constrained wp-block-group-is-layout-constrained\">\n<div class=\"wp-block-columns is-layout-flex wp-container-core-columns-is-layout-9d6595d7 wp-block-columns-is-layout-flex\">\n<div class=\"wp-block-column is-layout-flow wp-block-column-is-layout-flow\" style=\"border-top-left-radius:8px;border-top-right-radius:8px;border-bottom-left-radius:8px;border-bottom-right-radius:8px;padding-top:24px;padding-right:20px;padding-bottom:24px;padding-left:20px\">\n<div class=\"wp-block-group has-theme-palette-9-background-color has-background\" style=\"border-top-left-radius:8px;border-top-right-radius:8px;border-bottom-left-radius:8px;border-bottom-right-radius:8px;padding-top:24px;padding-right:20px;padding-bottom:24px;padding-left:20px\"><div class=\"wp-block-group__inner-container is-layout-constrained wp-container-core-group-is-layout-c6feb420 wp-block-group-is-layout-constrained\">\n<h2 class=\"wp-block-heading has-text-align-center\">\ud83d\udcbb<\/h2>\n\n\n\n<p class=\"has-text-align-center\" style=\"line-height:0.9\">Initiation ordinateur<\/p>\n\n\n\n<p class=\"has-text-align-center\" style=\"line-height:1.3\">D\u00e9couvrir les bases de l\u2019ordinateur et apprendre \u00e0 l\u2019utiliser sereinement.<\/p>\n<\/div><\/div>\n<\/div>\n\n\n\n<div class=\"wp-block-column is-layout-flow wp-block-column-is-layout-flow\">\n<div class=\"wp-block-group has-theme-palette-9-background-color has-background\" style=\"border-top-left-radius:8px;border-top-right-radius:8px;border-bottom-left-radius:8px;border-bottom-right-radius:8px;padding-top:24px;padding-right:20px;padding-bottom:24px;padding-left:20px\"><div class=\"wp-block-group__inner-container is-layout-constrained wp-container-core-group-is-layout-c6feb420 wp-block-group-is-layout-constrained\">\n<h3 class=\"wp-block-heading has-text-align-center\">\ud83c\udf10<\/h3>\n\n\n\n<p class=\"has-text-align-center\" style=\"line-height:0.5\">Internet &amp; e-mails<\/p>\n\n\n\n<p class=\"has-text-align-center\" style=\"line-height:1.3\">Naviguer sur Internet, effectuer des recherches simples et utiliser sa messagerie \u00e9lectronique en toute autonomie et en toute confiance.<\/p>\n<\/div><\/div>\n<\/div>\n\n\n\n<div class=\"wp-block-column is-layout-flow wp-block-column-is-layout-flow\">\n<div class=\"wp-block-group has-theme-palette-9-background-color has-background\" style=\"border-top-left-radius:8px;border-top-right-radius:8px;border-bottom-left-radius:8px;border-bottom-right-radius:8px;padding-top:24px;padding-right:20px;padding-bottom:24px;padding-left:20px\"><div class=\"wp-block-group__inner-container is-layout-constrained wp-container-core-group-is-layout-c6feb420 wp-block-group-is-layout-constrained\">\n<h3 class=\"wp-block-heading has-text-align-center\">\ud83d\udd12<\/h3>\n\n\n\n<p class=\"has-text-align-center\" style=\"line-height:0.5\">S\u00e9curit\u00e9 num\u00e9rique<\/p>\n\n\n\n<p style=\"line-height:1.3\">Adopter les bons r\u00e9flexes pour prot\u00e9ger ses donn\u00e9es, \u00e9viter les arnaques en ligne et utiliser Internet en toute s\u00e9curit\u00e9.<\/p>\n<\/div><\/div>\n<\/div>\n<\/div>\n<\/div><\/div>\n\n\n\n<div class=\"wp-block-columns is-layout-flex wp-container-core-columns-is-layout-9d6595d7 wp-block-columns-is-layout-flex\">\n<div class=\"wp-block-column is-layout-flow wp-block-column-is-layout-flow\">\n<div class=\"wp-block-group has-theme-palette-9-background-color has-background\" style=\"border-top-left-radius:8px;border-top-right-radius:8px;border-bottom-left-radius:8px;border-bottom-right-radius:8px;padding-top:24px;padding-right:20px;padding-bottom:24px;padding-left:20px\"><div class=\"wp-block-group__inner-container is-layout-constrained wp-container-core-group-is-layout-c6feb420 wp-block-group-is-layout-constrained\">\n<h3 class=\"wp-block-heading has-text-align-center\">\ud83d\udcf1 <\/h3>\n\n\n\n<p class=\"has-text-align-center\" style=\"line-height:0.9\">Smartphone &amp; tablette<\/p>\n\n\n\n<p class=\"has-text-align-center\" style=\"line-height:1.6\">Mieux comprendre et utiliser son smartphone ou sa tablette pour communiquer, s\u2019informer et profiter des applications utiles.<\/p>\n<\/div><\/div>\n<\/div>\n\n\n\n<div class=\"wp-block-column is-layout-flow wp-block-column-is-layout-flow\">\n<div class=\"wp-block-group has-theme-palette-9-background-color has-background\" style=\"border-top-left-radius:8px;border-top-right-radius:8px;border-bottom-left-radius:8px;border-bottom-right-radius:8px;padding-top:24px;padding-right:20px;padding-bottom:24px;padding-left:20px\"><div class=\"wp-block-group__inner-container is-layout-constrained wp-container-core-group-is-layout-c6feb420 wp-block-group-is-layout-constrained\">\n<h3 class=\"wp-block-heading has-text-align-center\">\ud83d\udcdd <\/h3>\n\n\n\n<p class=\"has-text-align-center\" style=\"line-height:0.9\">Bureautique<\/p>\n\n\n\n<p class=\"has-text-align-center\" style=\"line-height:1.3\">Utiliser les logiciels de bureautique pour cr\u00e9er des documents structur\u00e9s, mettre en forme des textes, g\u00e9rer des tableaux simples et organiser efficacement ses fichiers et dossiers.<\/p>\n<\/div><\/div>\n<\/div>\n\n\n\n<div class=\"wp-block-column is-layout-flow wp-block-column-is-layout-flow\">\n<div class=\"wp-block-group has-theme-palette-9-background-color has-background\" style=\"border-top-left-radius:8px;border-top-right-radius:8px;border-bottom-left-radius:8px;border-bottom-right-radius:8px;padding-top:24px;padding-right:20px;padding-bottom:24px;padding-left:20px\"><div class=\"wp-block-group__inner-container is-layout-constrained wp-container-core-group-is-layout-c6feb420 wp-block-group-is-layout-constrained\">\n<h3 class=\"wp-block-heading has-text-align-center\">\ud83d\udcf7 <\/h3>\n\n\n\n<p class=\"has-text-align-center\" style=\"line-height:0.9\">Photos<\/p>\n\n\n\n<p class=\"has-text-align-center\" style=\"line-height:1.6\">G\u00e9rer une phototh\u00e8que num\u00e9rique, importer et trier des photos, effectuer des retouches de base et les partager ou sauvegarder sur diff\u00e9rents supports.<\/p>\n<\/div><\/div>\n<\/div>\n<\/div>\n\n\n\n<div class=\"wp-block-columns is-layout-flex wp-container-core-columns-is-layout-9d6595d7 wp-block-columns-is-layout-flex\">\n<div class=\"wp-block-column is-layout-flow wp-block-column-is-layout-flow\">\n<div class=\"wp-block-group has-theme-palette-9-background-color has-background\" style=\"border-top-left-radius:8px;border-top-right-radius:8px;border-bottom-left-radius:8px;border-bottom-right-radius:8px;padding-top:24px;padding-right:20px;padding-bottom:24px;padding-left:20px\"><div class=\"wp-block-group__inner-container is-layout-constrained wp-container-core-group-is-layout-c6feb420 wp-block-group-is-layout-constrained\">\n<h3 class=\"wp-block-heading has-text-align-center\">\ud83e\udd1d <\/h3>\n\n\n\n<p class=\"has-text-align-center\" style=\"line-height:0.9\">Aide personnalis\u00e9e<\/p>\n\n\n\n<p class=\"has-text-align-center\" style=\"line-height:1.3\">B\u00e9n\u00e9ficier d\u2019un accompagnement adapt\u00e9 \u00e0 ses besoins, poser ses questions librement et avancer \u00e0 son propre rythme.<\/p>\n<\/div><\/div>\n<\/div>\n\n\n\n<div class=\"wp-block-column is-layout-flow wp-block-column-is-layout-flow\"><\/div>\n\n\n\n<div class=\"wp-block-column is-layout-flow wp-block-column-is-layout-flow\"><\/div>\n<\/div>\n\n\n\n<p><strong>Les contenus \u00e9voluent selon les demandes et les participants.<\/strong><\/p>\n\n\n\n<h3 class=\"wp-block-heading has-theme-palette-1-color has-text-color has-link-color wp-elements-54a63d7bfb805bf80a785118501419f3\">Pour qui ?<\/h3>\n\n\n\n<ul class=\"wp-block-list\">\n<li>D\u00e9butants<\/li>\n\n\n\n<li>Personnes souhaitant se perfectionner<\/li>\n\n\n\n<li>Jeunes, adultes et seniors<\/li>\n<\/ul>\n\n\n\n<p>Aucune connaissance pr\u00e9alable n\u2019est n\u00e9cessaire.<\/p>\n\n\n\n<h3 class=\"wp-block-heading has-theme-palette-1-color has-text-color has-link-color wp-elements-7ed0530e2970afd14ec9b3fb5eedeed4\">Quand ?<\/h3>\n\n\n\n<ul class=\"wp-block-list\">\n<li>Un cours par semaine :\n<ul class=\"wp-block-list\">\n<li>Soit le lundi de 20h15 \u00e0 22h00<\/li>\n\n\n\n<li>Soit le mercredi de 20h15 \u00e0 22h00<\/li>\n\n\n\n<li>Soit le jeudi de 20h15 \u00e0 22h00<\/li>\n<\/ul>\n<\/li>\n\n\n\n<li>Pas de cours pendant les vacances scolaires<\/li>\n<\/ul>\n\n\n\n<p><\/p>\n","protected":false},"excerpt":{"rendered":"<p>Nos activit\u00e9s Nous proposons des cours et ateliers adapt\u00e9s \u00e0 tous les niveaux : \ud83d\udcbb Initiation ordinateur D\u00e9couvrir les bases de l\u2019ordinateur et apprendre \u00e0 l\u2019utiliser sereinement. \ud83c\udf10 Internet &amp;&#8230;<\/p>\n","protected":false},"author":2,"featured_media":0,"parent":0,"menu_order":0,"comment_status":"closed","ping_status":"closed","template":"","meta":{"_kad_post_transparent":"","_kad_post_title":"hide","_kad_post_layout":"","_kad_post_sidebar_id":"","_kad_post_content_style":"","_kad_post_vertical_padding":"","_kad_post_feature":"","_kad_post_feature_position":"","_kad_post_header":false,"_kad_post_footer":false,"_kad_post_classname":"","footnotes":""},"class_list":["post-12","page","type-page","status-publish","hentry"],"_links":{"self":[{"href":"https:\/\/www.clubinformatiquegennois.fr\/index.php\/wp-json\/wp\/v2\/pages\/12","targetHints":{"allow":["GET"]}}],"collection":[{"href":"https:\/\/www.clubinformatiquegennois.fr\/index.php\/wp-json\/wp\/v2\/pages"}],"about":[{"href":"https:\/\/www.clubinformatiquegennois.fr\/index.php\/wp-json\/wp\/v2\/types\/page"}],"author":[{"embeddable":true,"href":"https:\/\/www.clubinformatiquegennois.fr\/index.php\/wp-json\/wp\/v2\/users\/2"}],"replies":[{"embeddable":true,"href":"https:\/\/www.clubinformatiquegennois.fr\/index.php\/wp-json\/wp\/v2\/comments?post=12"}],"version-history":[{"count":8,"href":"https:\/\/www.clubinformatiquegennois.fr\/index.php\/wp-json\/wp\/v2\/pages\/12\/revisions"}],"predecessor-version":[{"id":142,"href":"https:\/\/www.clubinformatiquegennois.fr\/index.php\/wp-json\/wp\/v2\/pages\/12\/revisions\/142"}],"wp:attachment":[{"href":"https:\/\/www.clubinformatiquegennois.fr\/index.php\/wp-json\/wp\/v2\/media?parent=12"}],"curies":[{"name":"wp","href":"https:\/\/api.w.org\/{rel}","templated":true}]}}