{"id":8,"date":"2026-01-30T19:25:13","date_gmt":"2026-01-30T19:25:13","guid":{"rendered":"https:\/\/www.clubinformatiquegennois.fr\/?page_id=8"},"modified":"2026-01-31T00:44:44","modified_gmt":"2026-01-30T23:44:44","slug":"accueil","status":"publish","type":"page","link":"https:\/\/www.clubinformatiquegennois.fr\/","title":{"rendered":"Accueil"},"content":{"rendered":"\n<div class=\"wp-block-group has-theme-palette-1-color has-text-color has-link-color wp-elements-9ee97140c76bdf0354f5f9ddee0eb4b1\" style=\"border-style:none;border-width:0px;border-top-left-radius:8px;border-top-right-radius:8px;border-bottom-left-radius:8px;border-bottom-right-radius:8px;min-height:0px;margin-top:0;margin-bottom:0;padding-top:var(--wp--preset--spacing--40);padding-right:0;padding-bottom:var(--wp--preset--spacing--40);padding-left:0\"><div class=\"wp-block-group__inner-container is-layout-constrained wp-container-core-group-is-layout-4f87a9c2 wp-block-group-is-layout-constrained\"><\/div><\/div>\n\n\n\n<div class=\"wp-block-group has-theme-palette-1-color has-text-color has-link-color wp-elements-f9824ae55e039b7544f3c0a22e2e12a6\"><div class=\"wp-block-group__inner-container is-layout-constrained wp-block-group-is-layout-constrained\">\n<h2 class=\"wp-block-heading has-theme-palette-1-color has-text-color has-link-color wp-elements-8bcefc25bdd434e4372ddfcb64b8e456\">L\u2019informatique accessible \u00e0 tous, \u00e0 votre rythme<\/h2>\n\n\n\n<p style=\"border-style:none;border-width:0px\"><\/p>\n<\/div><\/div>\n\n\n\n<p class=\"has-theme-palette-3-color has-text-color has-link-color wp-elements-8bb47af0d354c0259a93433882644418\">Le Club Informatique Gennois accompagne tout public dans la d\u00e9couverte et la ma\u00eetrise de l\u2019informatique.<br>Que vous soyez d\u00e9butant ou d\u00e9j\u00e0 \u00e0 l\u2019aise avec le num\u00e9rique, nous vous aidons \u00e0 progresser dans une ambiance conviviale, familiale, patiente et sans jugement.<\/p>\n\n\n\n<p class=\"has-theme-palette-1-color has-text-color has-link-color wp-elements-9e1ceb4846e290b849d846c466a7e9c8\"><\/p>\n\n\n\n<h2 class=\"wp-block-heading has-theme-palette-1-color has-text-color has-link-color wp-elements-bd2e49048b45c96f6620be50514933cc\">Ce que nous proposons<\/h2>\n\n\n\n<div class=\"wp-block-columns is-layout-flex wp-container-core-columns-is-layout-9d6595d7 wp-block-columns-is-layout-flex\">\n<div class=\"wp-block-column has-border-color has-theme-palette-9-background-color has-background is-layout-flow wp-block-column-is-layout-flow\" style=\"border-color:#e5e7eb;border-width:1px;border-top-left-radius:8px;border-top-right-radius:8px;border-bottom-left-radius:8px;border-bottom-right-radius:8px;padding-top:24px;padding-right:20px;padding-bottom:24px;padding-left:20px;line-height:1.5\">\n<div class=\"wp-block-group\"><div class=\"wp-block-group__inner-container is-layout-constrained wp-block-group-is-layout-constrained\">\n<h3 class=\"wp-block-heading has-text-align-center\" style=\"border-top-left-radius:8px;border-top-right-radius:8px;border-bottom-left-radius:8px;border-bottom-right-radius:8px;font-size:28px;line-height:0\">\ud83d\udcbb<\/h3>\n\n\n\n<h3 class=\"wp-block-heading has-text-align-center\" style=\"font-size:15px\"> Initiation ordinateur<\/h3>\n<\/div><\/div>\n\n\n\n<p class=\"has-text-align-center\">D\u00e9couvrir les bases de l\u2019ordinateur et apprendre \u00e0 l\u2019utiliser sereinement.<\/p>\n<\/div>\n\n\n\n<div class=\"wp-block-column has-border-color has-theme-palette-9-background-color has-background is-layout-flow wp-block-column-is-layout-flow\" style=\"border-color:#e5e7eb;border-width:1px;border-top-left-radius:8px;border-top-right-radius:8px;border-bottom-left-radius:8px;border-bottom-right-radius:8px;padding-top:24px;padding-right:20px;padding-bottom:24px;padding-left:20px\">\n<div class=\"wp-block-group\"><div class=\"wp-block-group__inner-container is-layout-constrained wp-block-group-is-layout-constrained\">\n<h3 class=\"wp-block-heading has-text-align-center\" style=\"font-size:28px;line-height:0\">\ud83c\udf10 <\/h3>\n\n\n\n<h3 class=\"wp-block-heading\" style=\"font-size:15px\">Internet &amp; e-mails<\/h3>\n<\/div><\/div>\n\n\n\n<p>Naviguer sur Internet, effectuer des recherches simples et utiliser sa messagerie \u00e9lectronique en toute autonomie et en toute confiance.<\/p>\n<\/div>\n\n\n\n<div class=\"wp-block-column has-border-color has-theme-palette-9-background-color has-background is-layout-flow wp-block-column-is-layout-flow\" style=\"border-color:#e5e7eb;border-width:1px;border-top-left-radius:8px;border-top-right-radius:8px;border-bottom-left-radius:8px;border-bottom-right-radius:8px;padding-top:24px;padding-right:20px;padding-bottom:24px;padding-left:20px\">\n<div class=\"wp-block-group\"><div class=\"wp-block-group__inner-container is-layout-constrained wp-block-group-is-layout-constrained\">\n<h3 class=\"wp-block-heading has-text-align-center\" style=\"font-size:28px;line-height:0\">\ud83d\udd12 <\/h3>\n\n\n\n<h3 class=\"wp-block-heading\" style=\"font-size:15px\">S\u00e9curit\u00e9 num\u00e9rique<\/h3>\n<\/div><\/div>\n\n\n\n<p>Adopter les bons r\u00e9flexes pour prot\u00e9ger ses donn\u00e9es, \u00e9viter les arnaques en ligne et utiliser Internet en toute s\u00e9curit\u00e9.<\/p>\n<\/div>\n\n\n\n<div class=\"wp-block-column has-border-color has-theme-palette-9-background-color has-background is-layout-flow wp-block-column-is-layout-flow\" style=\"border-color:#e5e7eb;border-width:1px;border-top-left-radius:8px;border-top-right-radius:8px;border-bottom-left-radius:8px;border-bottom-right-radius:8px;padding-top:24px;padding-right:20px;padding-bottom:20px;padding-left:20px\">\n<div class=\"wp-block-group\"><div class=\"wp-block-group__inner-container is-layout-constrained wp-block-group-is-layout-constrained\">\n<h3 class=\"wp-block-heading has-text-align-center\" style=\"font-size:28px;line-height:0\">\ud83d\udcf1 <\/h3>\n\n\n\n<h3 class=\"wp-block-heading\" style=\"font-size:14px\">Smartphone &amp; tablette<\/h3>\n<\/div><\/div>\n\n\n\n<p>Mieux comprendre et utiliser son smartphone ou sa tablette pour communiquer, s\u2019informer et profiter des applications utiles.<\/p>\n<\/div>\n\n\n\n<div class=\"wp-block-column has-border-color has-theme-palette-9-background-color has-background is-layout-flow wp-block-column-is-layout-flow\" style=\"border-color:#e5e7eb;border-width:1px;border-top-left-radius:8px;border-top-right-radius:8px;border-bottom-left-radius:8px;border-bottom-right-radius:8px;padding-top:24px;padding-right:20px;padding-bottom:24px;padding-left:20px\">\n<div class=\"wp-block-group\"><div class=\"wp-block-group__inner-container is-layout-constrained wp-block-group-is-layout-constrained\">\n<h3 class=\"wp-block-heading has-text-align-center\" style=\"font-size:28px;line-height:0\">\ud83e\udd1d <\/h3>\n\n\n\n<h3 class=\"wp-block-heading\" style=\"font-size:15px\">Aide personnalis\u00e9e<\/h3>\n<\/div><\/div>\n\n\n\n<p>B\u00e9n\u00e9ficier d\u2019un accompagnement adapt\u00e9 \u00e0 ses besoins, poser ses questions librement et avancer \u00e0 son propre rythme.<\/p>\n<\/div>\n<\/div>\n\n\n\n<div class=\"wp-block-buttons is-layout-flex wp-block-buttons-is-layout-flex\">\n<div class=\"wp-block-button\"><a class=\"wp-block-button__link wp-element-button\" href=\"https:\/\/www.clubinformatiquegennois.fr\/index.php\/cours-ateliers\/\">Cours &amp; ateliers<\/a><\/div>\n<\/div>\n\n\n\n<h2 class=\"wp-block-heading has-theme-palette-1-color has-text-color has-link-color wp-elements-8b34c12454e4dbeaf7ec37eea3ea102c\">\u00c9v\u00e9nements<\/h2>\n\n\n\n<p>Consultez nos prochains \u00e9v\u00e9nements et ateliers.<\/p>\n\n\n\n<div class=\"wp-block-buttons is-layout-flex wp-block-buttons-is-layout-flex\">\n<div class=\"wp-block-button\"><a class=\"wp-block-button__link wp-element-button\" href=\"https:\/\/www.clubinformatiquegennois.fr\/index.php\/evenements\/\">Voir les \u00e9v\u00e9nements<\/a><\/div>\n<\/div>\n\n\n\n<h2 class=\"wp-block-heading has-theme-palette-1-color has-text-color has-link-color wp-elements-5201d8d5ddaf53404fae52e31a599270\">Esprit du club<\/h2>\n\n\n\n<p>Un lieu d\u2019\u00e9change, d\u2019apprentissage et de convivialit\u00e9, ouvert \u00e0 tous.<\/p>\n\n\n\n<div class=\"wp-block-group has-theme-palette-1-color has-text-color has-link-color wp-elements-79371c8851ef99131dd0caecd73bea93\"><div class=\"wp-block-group__inner-container is-layout-constrained wp-block-group-is-layout-constrained\">\n<div class=\"wp-block-buttons is-layout-flex wp-block-buttons-is-layout-flex\">\n<div class=\"wp-block-button\"><a class=\"wp-block-button__link wp-element-button\" href=\"https:\/\/www.clubinformatiquegennois.fr\/index.php\/contact\/\">Contactez-nous<\/a><\/div>\n<\/div>\n<\/div><\/div>\n\n\n\n<p class=\"has-theme-palette-1-color has-text-color has-link-color wp-elements-9e1ceb4846e290b849d846c466a7e9c8\"><\/p>\n\n\n\n<p><\/p>\n","protected":false},"excerpt":{"rendered":"<p>L\u2019informatique accessible \u00e0 tous, \u00e0 votre rythme Le Club Informatique Gennois accompagne tout public dans la d\u00e9couverte et la ma\u00eetrise de l\u2019informatique.Que vous soyez d\u00e9butant ou d\u00e9j\u00e0 \u00e0 l\u2019aise avec&#8230;<\/p>\n","protected":false},"author":2,"featured_media":0,"parent":0,"menu_order":0,"comment_status":"closed","ping_status":"closed","template":"","meta":{"_kad_post_transparent":"","_kad_post_title":"hide","_kad_post_layout":"","_kad_post_sidebar_id":"","_kad_post_content_style":"","_kad_post_vertical_padding":"","_kad_post_feature":"","_kad_post_feature_position":"","_kad_post_header":false,"_kad_post_footer":false,"_kad_post_classname":"","footnotes":""},"class_list":["post-8","page","type-page","status-publish","hentry"],"_links":{"self":[{"href":"https:\/\/www.clubinformatiquegennois.fr\/index.php\/wp-json\/wp\/v2\/pages\/8","targetHints":{"allow":["GET"]}}],"collection":[{"href":"https:\/\/www.clubinformatiquegennois.fr\/index.php\/wp-json\/wp\/v2\/pages"}],"about":[{"href":"https:\/\/www.clubinformatiquegennois.fr\/index.php\/wp-json\/wp\/v2\/types\/page"}],"author":[{"embeddable":true,"href":"https:\/\/www.clubinformatiquegennois.fr\/index.php\/wp-json\/wp\/v2\/users\/2"}],"replies":[{"embeddable":true,"href":"https:\/\/www.clubinformatiquegennois.fr\/index.php\/wp-json\/wp\/v2\/comments?post=8"}],"version-history":[{"count":21,"href":"https:\/\/www.clubinformatiquegennois.fr\/index.php\/wp-json\/wp\/v2\/pages\/8\/revisions"}],"predecessor-version":[{"id":124,"href":"https:\/\/www.clubinformatiquegennois.fr\/index.php\/wp-json\/wp\/v2\/pages\/8\/revisions\/124"}],"wp:attachment":[{"href":"https:\/\/www.clubinformatiquegennois.fr\/index.php\/wp-json\/wp\/v2\/media?parent=8"}],"curies":[{"name":"wp","href":"https:\/\/api.w.org\/{rel}","templated":true}]}}